{"id":12240,"date":"2021-05-18T08:00:41","date_gmt":"2021-05-18T07:00:41","guid":{"rendered":"https:\/\/racchettiamo.com\/\/?page_id=12240"},"modified":"2021-05-19T00:59:49","modified_gmt":"2021-05-18T23:59:49","slug":"home","status":"publish","type":"page","link":"https:\/\/racchettiamo.com\/de\/","title":{"rendered":"Tipps und Bewertungen zu den besten Schl\u00e4gersportarten"},"content":{"rendered":"[et_pb_section fb_built=&#8221;1&#8243; _builder_version=&#8221;3.22&#8243;][et_pb_row make_equal=&#8221;on&#8221; _builder_version=&#8221;3.25&#8243;][et_pb_column type=&#8221;4_4&#8243; _builder_version=&#8221;3.25&#8243; custom_padding=&#8221;|||&#8221; custom_padding__hover=&#8221;|||&#8221;][et_pb_blurb title=&#8221;Consigli sul Padel e Come Iniziare&#8221; url=&#8221;https:\/\/racchettiamo.com\/\/consigli-padel\/&#8221; image=&#8221;https:\/\/racchettiamo.com\/\/wp-content\/uploads\/2020\/12\/playing-padel.jpeg&#8221; alt=&#8221;giocare a padel&#8221; admin_label=&#8221;Consigli sul Padel e Come Iniziare&#8221; _builder_version=&#8221;4.5.1&#8243; header_level=&#8221;h3&#8243; header_font=&#8221;Roboto|700|||||||&#8221; header_text_align=&#8221;center&#8221; header_text_color=&#8221;#333333&#8243; header_font_size=&#8221;20&#8243; header_line_height=&#8221;1.7em&#8221; body_font=&#8221;Roboto||||||||&#8221; body_font_size=&#8221;17&#8243; background_color=&#8221;#fafafa&#8221; custom_padding=&#8221;20px|20px|20px|20px&#8221; animation=&#8221;off&#8221; hover_enabled=&#8221;0&#8243; url_new_window=&#8221;on&#8221; link_option_url_new_window=&#8221;on&#8221;]\n<p style=\"text-align: center;\">N\u00e4hern Sie sich dem sch\u00f6nen Padel-Sport und brauchen Sie einige Tipps, um Ihre Leistung auf dem Platz zu verbessern? Dann sind Sie hier genau richtig!<\/p>\n<p style=\"text-align: center;\"><a href=\"https:\/\/racchettiamo.com\/de\/consigli-padel\/\" target=\"_blank\" rel=\"noopener noreferrer\" data-wplink-edit=\"true\">Jetzt entdecken<\/a><\/p>\n[\/et_pb_blurb][\/et_pb_column][\/et_pb_row][et_pb_row make_equal=&#8221;on&#8221; _builder_version=&#8221;3.25&#8243;][et_pb_column type=&#8221;4_4&#8243; _builder_version=&#8221;3.25&#8243; custom_padding=&#8221;|||&#8221; custom_padding__hover=&#8221;|||&#8221;][et_pb_blurb title=&#8221;Le Migliori Racchette Padel&#8221; url=&#8221;https:\/\/racchettiamo.com\/\/racchette-padel\/&#8221; image=&#8221;https:\/\/racchettiamo.com\/\/wp-content\/uploads\/2021\/01\/racchette-padel-wilson.jpg&#8221; alt=&#8221;racchette padel wilson&#8221; admin_label=&#8221;Le Migliori Racchette Padel&#8221; _builder_version=&#8221;4.5.1&#8243; header_level=&#8221;h3&#8243; header_font=&#8221;Roboto|700|||||||&#8221; header_text_align=&#8221;center&#8221; header_text_color=&#8221;#333333&#8243; header_font_size=&#8221;20&#8243; header_line_height=&#8221;1.7em&#8221; body_font=&#8221;Roboto||||||||&#8221; body_font_size=&#8221;17&#8243; background_color=&#8221;#fafafa&#8221; custom_padding=&#8221;20px|20px|20px|20px&#8221; animation=&#8221;off&#8221; hover_enabled=&#8221;0&#8243; url_new_window=&#8221;on&#8221; link_option_url_new_window=&#8221;on&#8221;]\n<p style=\"text-align: center;\">Hier finden Sie Bewertungen und Angebote der besten Padelschl\u00e4ger, ausgew\u00e4hlt sowohl f\u00fcr Anf\u00e4nger als auch f\u00fcr Experten, die nach einem Upgrade suchen.<\/p>\n<p style=\"text-align: center;\"><a href=\"https:\/\/racchettiamo.com\/de\/racchette-padel\/\" target=\"_blank\" rel=\"noopener noreferrer\">Jetzt entdecken<\/a><\/p>\n[\/et_pb_blurb][\/et_pb_column][\/et_pb_row][et_pb_row column_structure=&#8221;1_3,1_3,1_3&#8243; make_equal=&#8221;on&#8221; _builder_version=&#8221;3.25&#8243;][et_pb_column type=&#8221;1_3&#8243; _builder_version=&#8221;3.25&#8243; custom_padding=&#8221;|||&#8221; custom_padding__hover=&#8221;|||&#8221;][et_pb_blurb title=&#8221;Abbigliamento Tecnico&#8221; url=&#8221;https:\/\/racchettiamo.com\/\/abbigliamento-tecnico\/&#8221; image=&#8221;https:\/\/racchettiamo.com\/\/wp-content\/uploads\/2020\/12\/Babolat-Jet-Premura-Winter-2019_comp.jpg&#8221; alt=&#8221;scarpe padel babolat&#8221; admin_label=&#8221;Abbigliamento Tecnico&#8221; _builder_version=&#8221;4.5.1&#8243; header_level=&#8221;h3&#8243; header_font=&#8221;Roboto|700|||||||&#8221; header_text_align=&#8221;center&#8221; header_text_color=&#8221;#333333&#8243; header_font_size=&#8221;20&#8243; header_line_height=&#8221;1.7em&#8221; body_font=&#8221;Roboto||||||||&#8221; body_font_size=&#8221;17&#8243; background_color=&#8221;#fafafa&#8221; text_orientation=&#8221;center&#8221; custom_padding=&#8221;20px|20px|20px|20px&#8221; animation=&#8221;off&#8221; hover_enabled=&#8221;0&#8243; url_new_window=&#8221;on&#8221; link_option_url_new_window=&#8221;on&#8221;]\n<p style=\"text-align: center;\">Entdecken Sie die ganze Bandbreite von\u00a0<em>technische Kleidung<\/em> von Padel, einschlie\u00dflich Schuhe, f\u00fcr maximalen Komfort und Leistung im Feld.<\/p>\n<p style=\"text-align: center;\"><a href=\"https:\/\/racchettiamo.com\/de\/abbigliamento-tecnico\/\" target=\"_blank\" rel=\"noopener noreferrer\" data-wplink-edit=\"true\">Jetzt entdecken<\/a><\/p>\n[\/et_pb_blurb][\/et_pb_column][et_pb_column type=&#8221;1_3&#8243; _builder_version=&#8221;3.25&#8243; custom_padding=&#8221;|||&#8221; custom_padding__hover=&#8221;|||&#8221;][et_pb_blurb title=&#8221;Accessori Padel&#8221; url=&#8221;https:\/\/racchettiamo.com\/\/accessori\/&#8221; image=&#8221;https:\/\/racchettiamo.com\/\/wp-content\/uploads\/2021\/05\/accessori-racchetta.jpeg&#8221; alt=&#8221;accessori racchetta&#8221; admin_label=&#8221;Accessori Padel&#8221; _builder_version=&#8221;4.5.1&#8243; header_level=&#8221;h3&#8243; header_font=&#8221;Roboto|700|||||||&#8221; header_text_align=&#8221;center&#8221; header_text_color=&#8221;#333333&#8243; header_font_size=&#8221;20&#8243; header_line_height=&#8221;1.7em&#8221; body_font=&#8221;Roboto||||||||&#8221; body_font_size=&#8221;17&#8243; background_color=&#8221;#fafafa&#8221; custom_padding=&#8221;20px|20px|20px|20px&#8221; animation=&#8221;off&#8221; hover_enabled=&#8221;0&#8243; url_new_window=&#8221;on&#8221; link_option_url_new_window=&#8221;on&#8221;]\n<p style=\"text-align: center;\">Wenn Sie Zubeh\u00f6r zum Spielen von padel und f\u00fcr Ihren Schl\u00e4ger suchen, sind Sie hier genau richtig!<\/p>\n<p style=\"text-align: center;\"><a href=\"https:\/\/racchettiamo.com\/de\/accessori\/\" target=\"_blank\" rel=\"noopener noreferrer\" data-wplink-edit=\"true\">Jetzt entdecken<\/a><\/p>\n[\/et_pb_blurb][\/et_pb_column][et_pb_column type=&#8221;1_3&#8243; _builder_version=&#8221;3.25&#8243; custom_padding=&#8221;|||&#8221; custom_padding__hover=&#8221;|||&#8221;][et_pb_blurb title=&#8221;Migliori Marche&#8221; url=&#8221;https:\/\/racchettiamo.com\/\/migliori-marche\/&#8221; image=&#8221;https:\/\/racchettiamo.com\/\/wp-content\/uploads\/2021\/05\/nueva-coleccion-adidas-padel.jpg&#8221; admin_label=&#8221;Migliori Marche&#8221; _builder_version=&#8221;4.5.1&#8243; header_level=&#8221;h3&#8243; header_font=&#8221;Roboto|700|||||||&#8221; header_text_align=&#8221;center&#8221; header_text_color=&#8221;#333333&#8243; header_font_size=&#8221;20&#8243; header_line_height=&#8221;1.7em&#8221; body_font=&#8221;Roboto||||||||&#8221; body_font_size=&#8221;17&#8243; background_color=&#8221;#fafafa&#8221; custom_padding=&#8221;20px|20px|20px|20px&#8221; animation=&#8221;off&#8221; hover_enabled=&#8221;0&#8243; url_new_window=&#8221;on&#8221; link_option_url_new_window=&#8221;on&#8221;]\n<p style=\"text-align: center;\">Bewertungen aller Schl\u00e4ger und Zubeh\u00f6rteile der besten Marken mit den besten Preisen und Angeboten auf dem Markt.<\/p>\n<p style=\"text-align: center;\"><a href=\"https:\/\/racchettiamo.com\/de\/migliori-marche\/\" target=\"_blank\" rel=\"noopener noreferrer\" data-wplink-edit=\"true\">Jetzt entdecken<\/a><\/p>\n[\/et_pb_blurb][\/et_pb_column][\/et_pb_row][\/et_pb_section]","protected":false},"excerpt":{"rendered":"<p>Consigli sul Padel e Come Iniziare Ti stai avvicinando al bellissimo sport del Padel e ti servono alcune tips per migliorare la tua performance&#8230;<\/p>","protected":false},"author":441,"featured_media":0,"parent":0,"menu_order":0,"comment_status":"closed","ping_status":"closed","template":"page-templates\/page-fullwidth.php","meta":{"_et_pb_use_builder":"on","_et_pb_old_content":"<p>[epcl_columns]<\/p><p>[epcl_col width=\"33\"]<\/p><h2 style=\"text-align: center;\">GoPro Settings<\/h2><p style=\"text-align: center;\">Ipsum dolor sit amet, consectetur adipiscing elit, sed do eiusmod tempor incididunt ut labore et dolore magna aliqua. Ut enim ad minim veniam, quis nostrud exercitation ullamco laboris nisi ut aliquip ex ea\u00a0<a href=\"\/gopro-settings\/\">GoPro settings<\/a>.<\/p><p>[\/epcl_col]<\/p><p>[epcl_col width=\"33\"]<\/p><h2 style=\"text-align: center;\">GoPro Filmmaking<\/h2><p style=\"text-align: center;\">Ipsum dolor sit amet, consectetur adipiscing elit, sed do eiusmod tempor incididunt ut labore et dolore magna aliqua. Ut enim ad minim veniam, quis nostrud exercitation ullamco laboris nisi ut aliquip ex ea <a href=\"\/filming\/\">GoPro filmmaking<\/a>. [\/epcl_col]<\/p><p>[epcl_col width=\"33\"]<\/p><h2 style=\"text-align: center;\">GoPro Editing<\/h2><p style=\"text-align: center;\">Ipsum dolor sit amet, consectetur adipiscing elit, sed do eiusmod tempor incididunt ut labore et dolore magna aliqua. Ut enim ad minim veniam, quis nostrud exercitation ullamco laboris nisi ut aliquip ex ea <a href=\"\/editing\/\">GoPro editing<\/a>.<\/p><p>[\/epcl_col]<\/p><p>[\/epcl_columns]<\/p><p>[epcl_columns]<\/p><p>[epcl_col width=\"66\"]<\/p><p>This site provides tutorials & products designed to help you develop videography skills.<\/p><p>If you fit one of these descriptions:<\/p><ul><li>you\u2019ve bought a new GoPro but aren\u2019t sure what to do next<\/li><li>you've experimented and now feel overwhelmed<\/li><li>you're ready to learn professional skills<\/li><\/ul><p>then you are in the right place!<\/p><p>[\/epcl_col]<\/p><p>[epcl_col width=\"33\"] <img class=\"size-medium wp-image-14369 alignnone\" src=\"http:\/\/projectgopro.wpengine.com\/wp-content\/uploads\/2019\/01\/storyboard-300x209.jpg\" alt=\"\" width=\"300\" height=\"209\" \/> [\/epcl_col]<\/p><p>[\/epcl_columns]<\/p><h2 style=\"text-align: center;\">Recent Posts<\/h2><p style=\"text-align: center;\">\u00a0<\/p>","_et_gb_content_width":"","footnotes":""},"class_list":["post-12240","page","type-page","status-publish","hentry"],"yoast_head":"<!-- This site is optimized with the Yoast SEO plugin v23.4 - https:\/\/yoast.com\/wordpress\/plugins\/seo\/ -->\n<title>Consigli e Recensioni sui Migliori Sport da Racchetta<\/title>\n<meta name=\"description\" content=\"Qui potrai trovare consigli utili e recensioni sui migliori sport da racchetta, come Padel, tennis, ping pong, beach tennis, e tanto altro!\" \/>\n<meta name=\"robots\" content=\"index, follow, max-snippet:-1, max-image-preview:large, max-video-preview:-1\" \/>\n<link rel=\"canonical\" href=\"https:\/\/racchettiamo.com\/de\/\" \/>\n<meta property=\"og:locale\" content=\"de_DE\" \/>\n<meta property=\"og:type\" content=\"article\" \/>\n<meta property=\"og:title\" content=\"Consigli e Recensioni sui Migliori Sport da Racchetta\" \/>\n<meta property=\"og:description\" content=\"Qui potrai trovare consigli utili e recensioni sui migliori sport da racchetta, come Padel, tennis, ping pong, beach tennis, e tanto altro!\" \/>\n<meta property=\"og:url\" content=\"https:\/\/racchettiamo.com\/de\/\" \/>\n<meta property=\"og:site_name\" content=\"RACCHETTIAMO\" \/>\n<meta property=\"article:modified_time\" content=\"2021-05-18T23:59:49+00:00\" \/>\n<meta name=\"twitter:card\" content=\"summary_large_image\" \/>\n<meta name=\"twitter:label1\" content=\"Gesch\u00e4tzte Lesezeit\" \/>\n\t<meta name=\"twitter:data1\" content=\"3\u00a0Minuten\" \/>\n<script type=\"application\/ld+json\" class=\"yoast-schema-graph\">{\"@context\":\"https:\/\/schema.org\",\"@graph\":[{\"@type\":\"WebPage\",\"@id\":\"https:\/\/racchettiamo.com\/de\/\",\"url\":\"https:\/\/racchettiamo.com\/de\/\",\"name\":\"Consigli e Recensioni sui Migliori Sport da Racchetta\",\"isPartOf\":{\"@id\":\"https:\/\/racchettiamo.com\/#website\"},\"datePublished\":\"2021-05-18T07:00:41+00:00\",\"dateModified\":\"2021-05-18T23:59:49+00:00\",\"description\":\"Qui potrai trovare consigli utili e recensioni sui migliori sport da racchetta, come Padel, tennis, ping pong, beach tennis, e tanto altro!\",\"inLanguage\":\"de\",\"potentialAction\":[{\"@type\":\"ReadAction\",\"target\":[\"https:\/\/racchettiamo.com\/de\/\"]}]},{\"@type\":\"WebSite\",\"@id\":\"https:\/\/racchettiamo.com\/#website\",\"url\":\"https:\/\/racchettiamo.com\/\",\"name\":\"RACCHETTIAMO\",\"description\":\"Consigli e Recensioni sui Migliori Sport da Racchetta\",\"publisher\":{\"@id\":\"https:\/\/racchettiamo.com\/#organization\"},\"potentialAction\":[{\"@type\":\"SearchAction\",\"target\":{\"@type\":\"EntryPoint\",\"urlTemplate\":\"https:\/\/racchettiamo.com\/?s={search_term_string}\"},\"query-input\":{\"@type\":\"PropertyValueSpecification\",\"valueRequired\":true,\"valueName\":\"search_term_string\"}}],\"inLanguage\":\"de\"},{\"@type\":\"Organization\",\"@id\":\"https:\/\/racchettiamo.com\/#organization\",\"name\":\"Racchettiamo\",\"url\":\"https:\/\/racchettiamo.com\/\",\"logo\":{\"@type\":\"ImageObject\",\"inLanguage\":\"de\",\"@id\":\"https:\/\/racchettiamo.com\/#\/schema\/logo\/image\/\",\"url\":\"https:\/\/racchettiamo.com\/\/wp-content\/uploads\/2021\/05\/logo-racchettiamo.svg\",\"contentUrl\":\"https:\/\/racchettiamo.com\/\/wp-content\/uploads\/2021\/05\/logo-racchettiamo.svg\",\"width\":741,\"height\":101,\"caption\":\"Racchettiamo\"},\"image\":{\"@id\":\"https:\/\/racchettiamo.com\/#\/schema\/logo\/image\/\"}}]}<\/script>\n<!-- \/ Yoast SEO plugin. -->","yoast_head_json":{"title":"Consigli e Recensioni sui Migliori Sport da Racchetta","description":"Qui potrai trovare consigli utili e recensioni sui migliori sport da racchetta, come Padel, tennis, ping pong, beach tennis, e tanto altro!","robots":{"index":"index","follow":"follow","max-snippet":"max-snippet:-1","max-image-preview":"max-image-preview:large","max-video-preview":"max-video-preview:-1"},"canonical":"https:\/\/racchettiamo.com\/de\/","og_locale":"de_DE","og_type":"article","og_title":"Consigli e Recensioni sui Migliori Sport da Racchetta","og_description":"Qui potrai trovare consigli utili e recensioni sui migliori sport da racchetta, come Padel, tennis, ping pong, beach tennis, e tanto altro!","og_url":"https:\/\/racchettiamo.com\/de\/","og_site_name":"RACCHETTIAMO","article_modified_time":"2021-05-18T23:59:49+00:00","twitter_card":"summary_large_image","twitter_misc":{"Gesch\u00e4tzte Lesezeit":"3\u00a0Minuten"},"schema":{"@context":"https:\/\/schema.org","@graph":[{"@type":"WebPage","@id":"https:\/\/racchettiamo.com\/de\/","url":"https:\/\/racchettiamo.com\/de\/","name":"Consigli e Recensioni sui Migliori Sport da Racchetta","isPartOf":{"@id":"https:\/\/racchettiamo.com\/#website"},"datePublished":"2021-05-18T07:00:41+00:00","dateModified":"2021-05-18T23:59:49+00:00","description":"Qui potrai trovare consigli utili e recensioni sui migliori sport da racchetta, come Padel, tennis, ping pong, beach tennis, e tanto altro!","inLanguage":"de","potentialAction":[{"@type":"ReadAction","target":["https:\/\/racchettiamo.com\/de\/"]}]},{"@type":"WebSite","@id":"https:\/\/racchettiamo.com\/#website","url":"https:\/\/racchettiamo.com\/","name":"RACCHETTIAMO","description":"Consigli e Recensioni sui Migliori Sport da Racchetta","publisher":{"@id":"https:\/\/racchettiamo.com\/#organization"},"potentialAction":[{"@type":"SearchAction","target":{"@type":"EntryPoint","urlTemplate":"https:\/\/racchettiamo.com\/?s={search_term_string}"},"query-input":{"@type":"PropertyValueSpecification","valueRequired":true,"valueName":"search_term_string"}}],"inLanguage":"de"},{"@type":"Organization","@id":"https:\/\/racchettiamo.com\/#organization","name":"Racchettiamo","url":"https:\/\/racchettiamo.com\/","logo":{"@type":"ImageObject","inLanguage":"de","@id":"https:\/\/racchettiamo.com\/#\/schema\/logo\/image\/","url":"https:\/\/racchettiamo.com\/\/wp-content\/uploads\/2021\/05\/logo-racchettiamo.svg","contentUrl":"https:\/\/racchettiamo.com\/\/wp-content\/uploads\/2021\/05\/logo-racchettiamo.svg","width":741,"height":101,"caption":"Racchettiamo"},"image":{"@id":"https:\/\/racchettiamo.com\/#\/schema\/logo\/image\/"}}]}},"amp_enabled":false,"_links":{"self":[{"href":"https:\/\/racchettiamo.com\/de\/wp-json\/wp\/v2\/pages\/12240"}],"collection":[{"href":"https:\/\/racchettiamo.com\/de\/wp-json\/wp\/v2\/pages"}],"about":[{"href":"https:\/\/racchettiamo.com\/de\/wp-json\/wp\/v2\/types\/page"}],"author":[{"embeddable":true,"href":"https:\/\/racchettiamo.com\/de\/wp-json\/wp\/v2\/users\/441"}],"replies":[{"embeddable":true,"href":"https:\/\/racchettiamo.com\/de\/wp-json\/wp\/v2\/comments?post=12240"}],"version-history":[{"count":0,"href":"https:\/\/racchettiamo.com\/de\/wp-json\/wp\/v2\/pages\/12240\/revisions"}],"wp:attachment":[{"href":"https:\/\/racchettiamo.com\/de\/wp-json\/wp\/v2\/media?parent=12240"}],"curies":[{"name":"wp","href":"https:\/\/api.w.org\/{rel}","templated":true}]}}