{"id":13965,"date":"2021-05-18T08:00:13","date_gmt":"2021-05-18T07:00:13","guid":{"rendered":"https:\/\/racchettiamo.com\/\/?page_id=13965"},"modified":"2021-06-02T13:40:44","modified_gmt":"2021-06-02T12:40:44","slug":"about","status":"publish","type":"page","link":"https:\/\/racchettiamo.com\/de\/um\/","title":{"rendered":"Um"},"content":{"rendered":"<p><strong>Hallo und willkommen im Racchettiamo-Blog! Es ist mir eine Freude, Sie hier zu haben \ud83d\ude42<\/strong><\/p>\n<p>Das Hauptziel dieses Blogs ist es, allen Schl\u00e4gersport-Enthusiasten, ob Tennis, Padel, Ping Pong (und vielen anderen), Ratschl\u00e4ge zu geben, wie man mit der Aus\u00fcbung dieser Sportarten beginnt, und Bewertungen zu den besten Produkten wie Schl\u00e4gern, Schuhen und technischer Kleidung , um Ihnen bei der Auswahl des besten Produkts f\u00fcr Ihre Bed\u00fcrfnisse zu helfen.<\/p>\n<p>Alle Rezensionen und Leitf\u00e4den, die Sie auf Racchettiamo finden, wurden von einer Gruppe von Fans dieser Schl\u00e4gersportarten verfasst, die sich verpflichtet haben, n\u00fctzliche und so genaue Informationen wie m\u00f6glich bereitzustellen, um unseren Lesern zu helfen.<\/p>\n<p><strong>Wenn Sie also zu einer dieser Kategorien geh\u00f6ren ...<\/strong><\/p>\n<ul>\n<li>Sie n\u00e4hern sich der Welt der Schl\u00e4gerspiele<\/li>\n<li>Sie sind bereits Tennis-, Padel-, Ping-Pong- oder Beach-Tennis-Spieler und m\u00f6chten eine andere Schl\u00e4gersportart kennenlernen<\/li>\n<li>Sie suchen nach dem richtigen Schl\u00e4ger und der richtigen Kleidung f\u00fcr Sie<\/li>\n<\/ul>\n<p>Dann sind Sie hier genau richtig!<\/p>\n<h2><strong>Fang hier an<\/strong><\/h2>\n<p>Wer in die Welt des Racketsports eintauchen m\u00f6chte, kann hier starten:<\/p>\n<ul>\n<li><a href=\"https:\/\/racchettiamo.com\/de\/consigli-padel\/\" target=\"_blank\" rel=\"noopener noreferrer\">Padel-Tipps &gt;&gt;<\/a><\/li>\n<li><a href=\"https:\/\/racchettiamo.com\/de\/racchette-padel\/\" target=\"_blank\" rel=\"noopener noreferrer\">Die besten Padelschl\u00e4ger &gt;&gt;<\/a><\/li>\n<li><a href=\"https:\/\/racchettiamo.com\/de\/abbigliamento-tecnico\/\" target=\"_blank\" rel=\"noopener noreferrer\">Technische Kleidung &gt;&gt;<\/a><\/li>\n<li><a href=\"https:\/\/racchettiamo.com\/de\/accessori\/\" target=\"_blank\" rel=\"noopener noreferrer\">Zubeh\u00f6r &gt;&gt;<\/a><\/li>\n<li><a href=\"https:\/\/racchettiamo.com\/de\/migliori-marche\/\" target=\"_blank\" rel=\"noopener noreferrer\">Beste Marken &gt;&gt;<\/a><\/li>\n<\/ul>\n<h2><strong>Wer ist Racchettiamo<\/strong><\/h2>\n<p>Willkommen bei Racchettiamo! Hier finden Sie Tipps und Bewertungen, um mit Ihrem Lieblingsschl\u00e4gersport zu beginnen, darunter Tennis, Padel, Tischtennis, Beach-Tennis, Squash und vieles mehr. Die Rezensionen und Leitf\u00e4den, die Sie auf dieser Website finden, wurden von einer Gruppe von Enthusiasten verfasst, die diese Sportarten aus\u00fcben, um allen anderen Enthusiasten n\u00fctzliche Informationen bereitzustellen.<\/p>\n<h2><strong>Fragen und Probleme<\/strong><\/h2>\n<p>Bei Fragen oder Bedenken k\u00f6nnen Sie uns direkt \u00fcber das Formular auf der Seite kontaktieren <a href=\"https:\/\/racchettiamo.com\/de\/kontakte\/\" target=\"_blank\" rel=\"noopener noreferrer\">kontaktiere uns<\/a> oder \u00fcber die E-Mail-Adresse: racchettiamo (at) gmail.com<\/p>\n<h2><strong>Kooperationen<\/strong><\/h2>\n<p>Sind Sie auch ein Fan von Tennis, Padel, Ping Pong oder anderen Schl\u00e4gersportarten und m\u00f6chten Sie zum Wachstum unserer Informationsressourcen beitragen? So <a href=\"https:\/\/racchettiamo.com\/de\/kontakte\/\" target=\"_blank\" rel=\"noopener noreferrer\">kontaktieren sie uns sofort!<\/a><\/p>","protected":false},"excerpt":{"rendered":"<p>Hallo und willkommen im Racchettiamo-Blog! Es ist eine Freude, dich hier zu haben \ud83d\ude42 Das Hauptziel dieses Blogs ist es, allen Fans\u2026<\/p>","protected":false},"author":441,"featured_media":0,"parent":0,"menu_order":0,"comment_status":"closed","ping_status":"closed","template":"","meta":{"_et_pb_use_builder":"","_et_pb_old_content":"","_et_gb_content_width":"","footnotes":""},"class_list":["post-13965","page","type-page","status-publish","hentry"],"yoast_head":"<!-- This site is optimized with the Yoast SEO plugin v23.4 - https:\/\/yoast.com\/wordpress\/plugins\/seo\/ -->\n<title>About &#187; RACCHETTIAMO<\/title>\n<meta name=\"description\" content=\"Consigli e recensioni per iniziare a giocare al tuo sport da racchetta preferito, tra cui Tennis, Padel, Ping Pong, Beach Tennis, Squash e molto altro.\" \/>\n<meta name=\"robots\" content=\"index, follow, max-snippet:-1, max-image-preview:large, max-video-preview:-1\" \/>\n<link rel=\"canonical\" href=\"https:\/\/racchettiamo.com\/de\/um\/\" \/>\n<meta property=\"og:locale\" content=\"de_DE\" \/>\n<meta property=\"og:type\" content=\"article\" \/>\n<meta property=\"og:title\" content=\"About &#187; RACCHETTIAMO\" \/>\n<meta property=\"og:description\" content=\"Consigli e recensioni per iniziare a giocare al tuo sport da racchetta preferito, tra cui Tennis, Padel, Ping Pong, Beach Tennis, Squash e molto altro.\" \/>\n<meta property=\"og:url\" content=\"https:\/\/racchettiamo.com\/de\/um\/\" \/>\n<meta property=\"og:site_name\" content=\"RACCHETTIAMO\" \/>\n<meta property=\"article:modified_time\" content=\"2021-06-02T12:40:44+00:00\" \/>\n<meta name=\"twitter:card\" content=\"summary_large_image\" \/>\n<meta name=\"twitter:label1\" content=\"Gesch\u00e4tzte Lesezeit\" \/>\n\t<meta name=\"twitter:data1\" content=\"2\u00a0Minuten\" \/>\n<script type=\"application\/ld+json\" class=\"yoast-schema-graph\">{\"@context\":\"https:\/\/schema.org\",\"@graph\":[{\"@type\":\"WebPage\",\"@id\":\"https:\/\/racchettiamo.com\/de\/um\/\",\"url\":\"https:\/\/racchettiamo.com\/de\/um\/\",\"name\":\"About &#187; RACCHETTIAMO\",\"isPartOf\":{\"@id\":\"https:\/\/racchettiamo.com\/#website\"},\"datePublished\":\"2021-05-18T07:00:13+00:00\",\"dateModified\":\"2021-06-02T12:40:44+00:00\",\"description\":\"Consigli e recensioni per iniziare a giocare al tuo sport da racchetta preferito, tra cui Tennis, Padel, Ping Pong, Beach Tennis, Squash e molto altro.\",\"inLanguage\":\"de\",\"potentialAction\":[{\"@type\":\"ReadAction\",\"target\":[\"https:\/\/racchettiamo.com\/de\/um\/\"]}]},{\"@type\":\"WebSite\",\"@id\":\"https:\/\/racchettiamo.com\/#website\",\"url\":\"https:\/\/racchettiamo.com\/\",\"name\":\"RACCHETTIAMO\",\"description\":\"Consigli e Recensioni sui Migliori Sport da Racchetta\",\"publisher\":{\"@id\":\"https:\/\/racchettiamo.com\/#organization\"},\"potentialAction\":[{\"@type\":\"SearchAction\",\"target\":{\"@type\":\"EntryPoint\",\"urlTemplate\":\"https:\/\/racchettiamo.com\/?s={search_term_string}\"},\"query-input\":{\"@type\":\"PropertyValueSpecification\",\"valueRequired\":true,\"valueName\":\"search_term_string\"}}],\"inLanguage\":\"de\"},{\"@type\":\"Organization\",\"@id\":\"https:\/\/racchettiamo.com\/#organization\",\"name\":\"Racchettiamo\",\"url\":\"https:\/\/racchettiamo.com\/\",\"logo\":{\"@type\":\"ImageObject\",\"inLanguage\":\"de\",\"@id\":\"https:\/\/racchettiamo.com\/#\/schema\/logo\/image\/\",\"url\":\"https:\/\/racchettiamo.com\/\/wp-content\/uploads\/2021\/05\/logo-racchettiamo.svg\",\"contentUrl\":\"https:\/\/racchettiamo.com\/\/wp-content\/uploads\/2021\/05\/logo-racchettiamo.svg\",\"width\":741,\"height\":101,\"caption\":\"Racchettiamo\"},\"image\":{\"@id\":\"https:\/\/racchettiamo.com\/#\/schema\/logo\/image\/\"}}]}<\/script>\n<!-- \/ Yoast SEO plugin. -->","yoast_head_json":{"title":"About &#187; RACCHETTIAMO","description":"Consigli e recensioni per iniziare a giocare al tuo sport da racchetta preferito, tra cui Tennis, Padel, Ping Pong, Beach Tennis, Squash e molto altro.","robots":{"index":"index","follow":"follow","max-snippet":"max-snippet:-1","max-image-preview":"max-image-preview:large","max-video-preview":"max-video-preview:-1"},"canonical":"https:\/\/racchettiamo.com\/de\/um\/","og_locale":"de_DE","og_type":"article","og_title":"About &#187; RACCHETTIAMO","og_description":"Consigli e recensioni per iniziare a giocare al tuo sport da racchetta preferito, tra cui Tennis, Padel, Ping Pong, Beach Tennis, Squash e molto altro.","og_url":"https:\/\/racchettiamo.com\/de\/um\/","og_site_name":"RACCHETTIAMO","article_modified_time":"2021-06-02T12:40:44+00:00","twitter_card":"summary_large_image","twitter_misc":{"Gesch\u00e4tzte Lesezeit":"2\u00a0Minuten"},"schema":{"@context":"https:\/\/schema.org","@graph":[{"@type":"WebPage","@id":"https:\/\/racchettiamo.com\/de\/um\/","url":"https:\/\/racchettiamo.com\/de\/um\/","name":"About &#187; RACCHETTIAMO","isPartOf":{"@id":"https:\/\/racchettiamo.com\/#website"},"datePublished":"2021-05-18T07:00:13+00:00","dateModified":"2021-06-02T12:40:44+00:00","description":"Consigli e recensioni per iniziare a giocare al tuo sport da racchetta preferito, tra cui Tennis, Padel, Ping Pong, Beach Tennis, Squash e molto altro.","inLanguage":"de","potentialAction":[{"@type":"ReadAction","target":["https:\/\/racchettiamo.com\/de\/um\/"]}]},{"@type":"WebSite","@id":"https:\/\/racchettiamo.com\/#website","url":"https:\/\/racchettiamo.com\/","name":"RACCHETTIAMO","description":"Consigli e Recensioni sui Migliori Sport da Racchetta","publisher":{"@id":"https:\/\/racchettiamo.com\/#organization"},"potentialAction":[{"@type":"SearchAction","target":{"@type":"EntryPoint","urlTemplate":"https:\/\/racchettiamo.com\/?s={search_term_string}"},"query-input":{"@type":"PropertyValueSpecification","valueRequired":true,"valueName":"search_term_string"}}],"inLanguage":"de"},{"@type":"Organization","@id":"https:\/\/racchettiamo.com\/#organization","name":"Racchettiamo","url":"https:\/\/racchettiamo.com\/","logo":{"@type":"ImageObject","inLanguage":"de","@id":"https:\/\/racchettiamo.com\/#\/schema\/logo\/image\/","url":"https:\/\/racchettiamo.com\/\/wp-content\/uploads\/2021\/05\/logo-racchettiamo.svg","contentUrl":"https:\/\/racchettiamo.com\/\/wp-content\/uploads\/2021\/05\/logo-racchettiamo.svg","width":741,"height":101,"caption":"Racchettiamo"},"image":{"@id":"https:\/\/racchettiamo.com\/#\/schema\/logo\/image\/"}}]}},"amp_enabled":true,"_links":{"self":[{"href":"https:\/\/racchettiamo.com\/de\/wp-json\/wp\/v2\/pages\/13965"}],"collection":[{"href":"https:\/\/racchettiamo.com\/de\/wp-json\/wp\/v2\/pages"}],"about":[{"href":"https:\/\/racchettiamo.com\/de\/wp-json\/wp\/v2\/types\/page"}],"author":[{"embeddable":true,"href":"https:\/\/racchettiamo.com\/de\/wp-json\/wp\/v2\/users\/441"}],"replies":[{"embeddable":true,"href":"https:\/\/racchettiamo.com\/de\/wp-json\/wp\/v2\/comments?post=13965"}],"version-history":[{"count":0,"href":"https:\/\/racchettiamo.com\/de\/wp-json\/wp\/v2\/pages\/13965\/revisions"}],"wp:attachment":[{"href":"https:\/\/racchettiamo.com\/de\/wp-json\/wp\/v2\/media?parent=13965"}],"curies":[{"name":"wp","href":"https:\/\/api.w.org\/{rel}","templated":true}]}}