{"id":4313,"date":"2021-05-18T08:00:49","date_gmt":"2021-05-18T07:00:49","guid":{"rendered":"https:\/\/racchettiamo.com\/\/?page_id=4313"},"modified":"2021-06-02T13:43:18","modified_gmt":"2021-06-02T12:43:18","slug":"contatti","status":"publish","type":"page","link":"https:\/\/racchettiamo.com\/de\/kontakte\/","title":{"rendered":"Kontakte"},"content":{"rendered":"<p>Bitte nehmen Sie sich einen Moment Zeit, um zu sehen, ob wir bereits die Antwort auf Ihre Frage unten haben. Bei weiteren Fragen k\u00f6nnen Sie uns \u00fcber das unten stehende Formular kontaktieren oder an racchettiamo (at) gmail.com schreiben<\/p>\n<p><strong>Was ist der Zweck dieses Blogs?<\/strong><\/p>\n<p>Racchettiamo engagiert sich daf\u00fcr, Informationen \u00fcber Schl\u00e4gersportarten wie Tennis, Padel, Tischtennis und vieles mehr bereitzustellen, um anderen Enthusiasten zu helfen, ihre Leistung auf dem Platz zu beginnen und zu verbessern.<\/p>\n<p><strong>Wer hat Racchettiamo erfunden?<\/strong><\/p>\n<p>Racchettiamo wurde von zwei befreundeten Unternehmern und Fans von Padel, Tennis, Beach Tennis und Ping Pong in ihrer Freizeit gegr\u00fcndet. Bald schlossen sich weitere Fans dieser Sportarten dem Team an und trugen zum Wachstum der Seite bei. Wenn auch Sie etwas beitragen m\u00f6chten, schreiben Sie uns \ud83d\ude42<\/p>\n<p><strong>Racchettiamo ist mit Amazon oder anderen Marktpl\u00e4tzen verbunden?<\/strong><\/p>\n<p>Um die Website am Laufen zu halten, k\u00f6nnen Affiliate-Websites wie Amazon einen kleinen Prozentsatz von Produktk\u00e4ufen erkennen, die Leser \u00fcber Links auf dieser Website t\u00e4tigen.<\/p>\n<p>&nbsp;<\/p>\n\n<div class=\"wpcf7 no-js\" id=\"wpcf7-f14290-o1\" lang=\"en-US\" dir=\"ltr\">\n<div class=\"screen-reader-response\"><p role=\"status\" aria-live=\"polite\" aria-atomic=\"true\"><\/p> <ul><\/ul><\/div>\n<form action=\"\/de\/wp-json\/wp\/v2\/pages\/4313#wpcf7-f14290-o1\" method=\"post\" class=\"wpcf7-form init\" aria-label=\"Contact form\" novalidate=\"novalidate\" data-status=\"init\" data-trp-original-action=\"\/de\/wp-json\/wp\/v2\/pages\/4313#wpcf7-f14290-o1\">\n<div style=\"display: none;\">\n<input type=\"hidden\" name=\"_wpcf7\" value=\"14290\" \/>\n<input type=\"hidden\" name=\"_wpcf7_version\" value=\"5.9.8\" \/>\n<input type=\"hidden\" name=\"_wpcf7_locale\" value=\"en_US\" \/>\n<input type=\"hidden\" name=\"_wpcf7_unit_tag\" value=\"wpcf7-f14290-o1\" \/>\n<input type=\"hidden\" name=\"_wpcf7_container_post\" value=\"0\" \/>\n<input type=\"hidden\" name=\"_wpcf7_posted_data_hash\" value=\"\" \/>\n<\/div>\n<p><label> Ihr Name (erforderlich)<br \/>\n<span class=\"wpcf7-form-control-wrap\" data-name=\"your-name\"><input size=\"40\" maxlength=\"400\" class=\"wpcf7-form-control wpcf7-text wpcf7-validates-as-required\" aria-required=\"true\" aria-invalid=\"false\" value=\"\" type=\"text\" name=\"your-name\" \/><\/span> <\/label>\n<\/p>\n<p><label> Ihre E-Mailadresse (erforderlich)<br \/>\n<span class=\"wpcf7-form-control-wrap\" data-name=\"your-email\"><input size=\"40\" maxlength=\"400\" class=\"wpcf7-form-control wpcf7-email wpcf7-validates-as-required wpcf7-text wpcf7-validates-as-email\" aria-required=\"true\" aria-invalid=\"false\" value=\"\" type=\"email\" name=\"your-email\" \/><\/span> <\/label>\n<\/p>\n<p><label> Ihre Nachricht<br \/>\n<span class=\"wpcf7-form-control-wrap\" data-name=\"your-message\"><textarea cols=\"40\" rows=\"10\" maxlength=\"2000\" class=\"wpcf7-form-control wpcf7-textarea\" aria-invalid=\"false\" name=\"your-message\"><\/textarea><\/span> <\/label>\n<\/p>\n<p><input class=\"wpcf7-form-control wpcf7-submit has-spinner\" type=\"submit\" value=\"Senden\" \/>\n<\/p><p style=\"display: none !important;\" class=\"akismet-fields-container\" data-prefix=\"_wpcf7_ak_\"><label>&#916;<textarea name=\"_wpcf7_ak_hp_textarea\" cols=\"45\" rows=\"8\" maxlength=\"100\"><\/textarea><\/label><input type=\"hidden\" id=\"ak_js_1\" name=\"_wpcf7_ak_js\" value=\"215\"\/><script>document.getElementById( \"ak_js_1\" ).setAttribute( \"value\", ( new Date() ).getTime() );<\/script><\/p><div class=\"wpcf7-response-output\" aria-hidden=\"true\"><\/div>\n<input type=\"hidden\" name=\"trp-form-language\" value=\"de\"\/><\/form>\n<\/div>","protected":false},"excerpt":{"rendered":"<p>Ti preghiamo di dedicare un secondo per vedere se abbiamo gi\u00e0 la risposta alla tua domanda qui sotto. Per qualsiasi altra questioni puoi contattarci utilizzando&#8230;<\/p>","protected":false},"author":441,"featured_media":0,"parent":0,"menu_order":0,"comment_status":"closed","ping_status":"closed","template":"","meta":{"_et_pb_use_builder":"off","_et_pb_old_content":"","_et_gb_content_width":"","footnotes":""},"class_list":["post-4313","page","type-page","status-publish","hentry"],"yoast_head":"<!-- This site is optimized with the Yoast SEO plugin v23.4 - https:\/\/yoast.com\/wordpress\/plugins\/seo\/ -->\n<title>Contatti &#187; RACCHETTIAMO<\/title>\n<meta name=\"description\" content=\"Hai una domanda, oppure una richiesta commerciale o collaborazione da proporci?Contattarci utilizzando il form nella pagina contatti!\" \/>\n<meta name=\"robots\" content=\"index, follow, max-snippet:-1, max-image-preview:large, max-video-preview:-1\" \/>\n<link rel=\"canonical\" href=\"https:\/\/racchettiamo.com\/de\/contacten\/\" \/>\n<meta property=\"og:locale\" content=\"de_DE\" \/>\n<meta property=\"og:type\" content=\"article\" \/>\n<meta property=\"og:title\" content=\"Contatti &#187; RACCHETTIAMO\" \/>\n<meta property=\"og:description\" content=\"Hai una domanda, oppure una richiesta commerciale o collaborazione da proporci?Contattarci utilizzando il form nella pagina contatti!\" \/>\n<meta property=\"og:url\" content=\"https:\/\/racchettiamo.com\/de\/contacten\/\" \/>\n<meta property=\"og:site_name\" content=\"RACCHETTIAMO\" \/>\n<meta property=\"article:modified_time\" content=\"2021-06-02T12:43:18+00:00\" \/>\n<meta name=\"twitter:card\" content=\"summary_large_image\" \/>\n<meta name=\"twitter:label1\" content=\"Gesch\u00e4tzte Lesezeit\" \/>\n\t<meta name=\"twitter:data1\" content=\"1\u00a0Minute\" \/>\n<script type=\"application\/ld+json\" class=\"yoast-schema-graph\">{\"@context\":\"https:\/\/schema.org\",\"@graph\":[{\"@type\":\"WebPage\",\"@id\":\"https:\/\/racchettiamo.com\/nl\/contacten\/\",\"url\":\"https:\/\/racchettiamo.com\/nl\/contacten\/\",\"name\":\"Contatti &#187; RACCHETTIAMO\",\"isPartOf\":{\"@id\":\"https:\/\/racchettiamo.com\/#website\"},\"datePublished\":\"2021-05-18T07:00:49+00:00\",\"dateModified\":\"2021-06-02T12:43:18+00:00\",\"description\":\"Hai una domanda, oppure una richiesta commerciale o collaborazione da proporci?Contattarci utilizzando il form nella pagina contatti!\",\"inLanguage\":\"de\",\"potentialAction\":[{\"@type\":\"ReadAction\",\"target\":[\"https:\/\/racchettiamo.com\/nl\/contacten\/\"]}]},{\"@type\":\"WebSite\",\"@id\":\"https:\/\/racchettiamo.com\/#website\",\"url\":\"https:\/\/racchettiamo.com\/\",\"name\":\"RACCHETTIAMO\",\"description\":\"Consigli e Recensioni sui Migliori Sport da Racchetta\",\"publisher\":{\"@id\":\"https:\/\/racchettiamo.com\/#organization\"},\"potentialAction\":[{\"@type\":\"SearchAction\",\"target\":{\"@type\":\"EntryPoint\",\"urlTemplate\":\"https:\/\/racchettiamo.com\/?s={search_term_string}\"},\"query-input\":{\"@type\":\"PropertyValueSpecification\",\"valueRequired\":true,\"valueName\":\"search_term_string\"}}],\"inLanguage\":\"de\"},{\"@type\":\"Organization\",\"@id\":\"https:\/\/racchettiamo.com\/#organization\",\"name\":\"Racchettiamo\",\"url\":\"https:\/\/racchettiamo.com\/\",\"logo\":{\"@type\":\"ImageObject\",\"inLanguage\":\"de\",\"@id\":\"https:\/\/racchettiamo.com\/#\/schema\/logo\/image\/\",\"url\":\"https:\/\/racchettiamo.com\/\/wp-content\/uploads\/2021\/05\/logo-racchettiamo.svg\",\"contentUrl\":\"https:\/\/racchettiamo.com\/\/wp-content\/uploads\/2021\/05\/logo-racchettiamo.svg\",\"width\":741,\"height\":101,\"caption\":\"Racchettiamo\"},\"image\":{\"@id\":\"https:\/\/racchettiamo.com\/#\/schema\/logo\/image\/\"}}]}<\/script>\n<!-- \/ Yoast SEO plugin. -->","yoast_head_json":{"title":"Contatti &#187; RACCHETTIAMO","description":"Hai una domanda, oppure una richiesta commerciale o collaborazione da proporci?Contattarci utilizzando il form nella pagina contatti!","robots":{"index":"index","follow":"follow","max-snippet":"max-snippet:-1","max-image-preview":"max-image-preview:large","max-video-preview":"max-video-preview:-1"},"canonical":"https:\/\/racchettiamo.com\/de\/contacten\/","og_locale":"de_DE","og_type":"article","og_title":"Contatti &#187; RACCHETTIAMO","og_description":"Hai una domanda, oppure una richiesta commerciale o collaborazione da proporci?Contattarci utilizzando il form nella pagina contatti!","og_url":"https:\/\/racchettiamo.com\/de\/contacten\/","og_site_name":"RACCHETTIAMO","article_modified_time":"2021-06-02T12:43:18+00:00","twitter_card":"summary_large_image","twitter_misc":{"Gesch\u00e4tzte Lesezeit":"1\u00a0Minute"},"schema":{"@context":"https:\/\/schema.org","@graph":[{"@type":"WebPage","@id":"https:\/\/racchettiamo.com\/nl\/contacten\/","url":"https:\/\/racchettiamo.com\/nl\/contacten\/","name":"Contatti &#187; RACCHETTIAMO","isPartOf":{"@id":"https:\/\/racchettiamo.com\/#website"},"datePublished":"2021-05-18T07:00:49+00:00","dateModified":"2021-06-02T12:43:18+00:00","description":"Hai una domanda, oppure una richiesta commerciale o collaborazione da proporci?Contattarci utilizzando il form nella pagina contatti!","inLanguage":"de","potentialAction":[{"@type":"ReadAction","target":["https:\/\/racchettiamo.com\/nl\/contacten\/"]}]},{"@type":"WebSite","@id":"https:\/\/racchettiamo.com\/#website","url":"https:\/\/racchettiamo.com\/","name":"RACCHETTIAMO","description":"Consigli e Recensioni sui Migliori Sport da Racchetta","publisher":{"@id":"https:\/\/racchettiamo.com\/#organization"},"potentialAction":[{"@type":"SearchAction","target":{"@type":"EntryPoint","urlTemplate":"https:\/\/racchettiamo.com\/?s={search_term_string}"},"query-input":{"@type":"PropertyValueSpecification","valueRequired":true,"valueName":"search_term_string"}}],"inLanguage":"de"},{"@type":"Organization","@id":"https:\/\/racchettiamo.com\/#organization","name":"Racchettiamo","url":"https:\/\/racchettiamo.com\/","logo":{"@type":"ImageObject","inLanguage":"de","@id":"https:\/\/racchettiamo.com\/#\/schema\/logo\/image\/","url":"https:\/\/racchettiamo.com\/\/wp-content\/uploads\/2021\/05\/logo-racchettiamo.svg","contentUrl":"https:\/\/racchettiamo.com\/\/wp-content\/uploads\/2021\/05\/logo-racchettiamo.svg","width":741,"height":101,"caption":"Racchettiamo"},"image":{"@id":"https:\/\/racchettiamo.com\/#\/schema\/logo\/image\/"}}]}},"amp_enabled":true,"_links":{"self":[{"href":"https:\/\/racchettiamo.com\/de\/wp-json\/wp\/v2\/pages\/4313"}],"collection":[{"href":"https:\/\/racchettiamo.com\/de\/wp-json\/wp\/v2\/pages"}],"about":[{"href":"https:\/\/racchettiamo.com\/de\/wp-json\/wp\/v2\/types\/page"}],"author":[{"embeddable":true,"href":"https:\/\/racchettiamo.com\/de\/wp-json\/wp\/v2\/users\/441"}],"replies":[{"embeddable":true,"href":"https:\/\/racchettiamo.com\/de\/wp-json\/wp\/v2\/comments?post=4313"}],"version-history":[{"count":0,"href":"https:\/\/racchettiamo.com\/de\/wp-json\/wp\/v2\/pages\/4313\/revisions"}],"wp:attachment":[{"href":"https:\/\/racchettiamo.com\/de\/wp-json\/wp\/v2\/media?parent=4313"}],"curies":[{"name":"wp","href":"https:\/\/api.w.org\/{rel}","templated":true}]}}