{"id":13965,"date":"2021-05-18T08:00:13","date_gmt":"2021-05-18T07:00:13","guid":{"rendered":"https:\/\/racchettiamo.com\/\/?page_id=13965"},"modified":"2021-06-02T13:40:44","modified_gmt":"2021-06-02T12:40:44","slug":"about","status":"publish","type":"page","link":"https:\/\/racchettiamo.com\/es\/sobre\/","title":{"rendered":"About"},"content":{"rendered":"<p><strong>\u00a1Hola y bienvenidos al blog de Racchettiamo! Es un placer tenerte por aqu\u00ed \ud83d\ude42<\/strong><\/p>\n<p>El principal objetivo de este blog es proporcionar a todos los aficionados a los deportes de raqueta, ya sea Tenis, Padel, Ping Pong (y muchos otros), consejos sobre c\u00f3mo empezar a practicar estos deportes y rese\u00f1as sobre los mejores productos como raquetas, zapatillas y ropa t\u00e9cnica. , para ayudarle a elegir el mejor producto de acuerdo a sus necesidades.<\/p>\n<p>Todas las rese\u00f1as y gu\u00edas que encontrar\u00e1s en Racchettiamo est\u00e1n escritas por un grupo de aficionados a estos deportes de raqueta, que se comprometen a proporcionar informaci\u00f3n \u00fatil y lo m\u00e1s precisa posible para ayudar a nuestros lectores.<\/p>\n<p><strong>Entonces, si perteneces a una de estas categor\u00edas...<\/strong><\/p>\n<ul>\n<li>te acercas al mundo de los juegos de raqueta<\/li>\n<li>ya eres jugador de Tenis, Padel, Ping Pong o Tenis Playa y quieres conocer otro deporte de raqueta<\/li>\n<li>est\u00e1s buscando la raqueta y la ropa adecuadas para ti<\/li>\n<\/ul>\n<p>\u00a1Entonces est\u00e1s en el lugar correcto!<\/p>\n<h2><strong>Empieza aqui<\/strong><\/h2>\n<p>Si quieres adentrarte en el mundo de los deportes de raqueta, puedes empezar aqu\u00ed:<\/p>\n<ul>\n<li><a href=\"https:\/\/racchettiamo.com\/es\/consigli-padel\/\" target=\"_blank\" rel=\"noopener noreferrer\">Consejos de p\u00e1del &gt;&gt;<\/a><\/li>\n<li><a href=\"https:\/\/racchettiamo.com\/es\/racchette-padel\/\" target=\"_blank\" rel=\"noopener noreferrer\">Las Mejores Palas de P\u00e1del &gt;&gt;<\/a><\/li>\n<li><a href=\"https:\/\/racchettiamo.com\/es\/abbigliamento-tecnico\/\" target=\"_blank\" rel=\"noopener noreferrer\">Ropa T\u00e9cnica &gt;&gt;<\/a><\/li>\n<li><a href=\"https:\/\/racchettiamo.com\/es\/accessori\/\" target=\"_blank\" rel=\"noopener noreferrer\">Accesorios &gt;&gt;<\/a><\/li>\n<li><a href=\"https:\/\/racchettiamo.com\/es\/migliori-marche\/\" target=\"_blank\" rel=\"noopener noreferrer\">Mejores Marcas &gt;&gt;<\/a><\/li>\n<\/ul>\n<h2><strong>\u00bfQui\u00e9n es Racchettiamo?<\/strong><\/h2>\n<p>\u00a1Bienvenido a Racchettiamo! Aqu\u00ed encontrar\u00e1s consejos y rese\u00f1as para empezar a jugar a tu deporte de raqueta favorito, como tenis, p\u00e1del, ping pong, tenis playa, squash y mucho m\u00e1s. Las rese\u00f1as y gu\u00edas que encontrar\u00e1 en este sitio est\u00e1n escritas por un grupo de entusiastas que practican estos deportes, con el fin de proporcionar informaci\u00f3n \u00fatil para todos los dem\u00e1s entusiastas.<\/p>\n<h2><strong>Preguntas y problemas<\/strong><\/h2>\n<p>Para cualquier duda o consulta puede contactarnos directamente a trav\u00e9s del formulario de la p\u00e1gina <a href=\"https:\/\/racchettiamo.com\/es\/contactos\/\" target=\"_blank\" rel=\"noopener noreferrer\">Cont\u00e1ctenos<\/a> o a trav\u00e9s de la direcci\u00f3n de correo electr\u00f3nico: racchettiamo (arroba) gmail.com<\/p>\n<h2><strong>Colaboraciones<\/strong><\/h2>\n<p>\u00bfEres tambi\u00e9n aficionado al Tenis, Padel, Ping Pong u otros deportes de raqueta y te gustar\u00eda contribuir al crecimiento de nuestros recursos de informaci\u00f3n? Asi que <a href=\"https:\/\/racchettiamo.com\/es\/contactos\/\" target=\"_blank\" rel=\"noopener noreferrer\">cont\u00e1ctenos inmediatamente!<\/a><\/p>","protected":false},"excerpt":{"rendered":"<p>\u00a1Hola y bienvenidos al blog de Racchettiamo! Es un placer tenerte aqu\u00ed \ud83d\ude42 El objetivo principal de este blog es brindar a todos los fans\u2026<\/p>","protected":false},"author":441,"featured_media":0,"parent":0,"menu_order":0,"comment_status":"closed","ping_status":"closed","template":"","meta":{"_et_pb_use_builder":"","_et_pb_old_content":"","_et_gb_content_width":"","footnotes":""},"class_list":["post-13965","page","type-page","status-publish","hentry"],"yoast_head":"<!-- This site is optimized with the Yoast SEO plugin v23.4 - https:\/\/yoast.com\/wordpress\/plugins\/seo\/ -->\n<title>About &#187; RACCHETTIAMO<\/title>\n<meta name=\"description\" content=\"Consigli e recensioni per iniziare a giocare al tuo sport da racchetta preferito, tra cui Tennis, Padel, Ping Pong, Beach Tennis, Squash e molto altro.\" \/>\n<meta name=\"robots\" content=\"index, follow, max-snippet:-1, max-image-preview:large, max-video-preview:-1\" \/>\n<link rel=\"canonical\" href=\"https:\/\/racchettiamo.com\/es\/um\/\" \/>\n<meta property=\"og:locale\" content=\"es_ES\" \/>\n<meta property=\"og:type\" content=\"article\" \/>\n<meta property=\"og:title\" content=\"About &#187; RACCHETTIAMO\" \/>\n<meta property=\"og:description\" content=\"Consigli e recensioni per iniziare a giocare al tuo sport da racchetta preferito, tra cui Tennis, Padel, Ping Pong, Beach Tennis, Squash e molto altro.\" \/>\n<meta property=\"og:url\" content=\"https:\/\/racchettiamo.com\/es\/um\/\" \/>\n<meta property=\"og:site_name\" content=\"RACCHETTIAMO\" \/>\n<meta property=\"article:modified_time\" content=\"2021-06-02T12:40:44+00:00\" \/>\n<meta name=\"twitter:card\" content=\"summary_large_image\" \/>\n<meta name=\"twitter:label1\" content=\"Tiempo de lectura\" \/>\n\t<meta name=\"twitter:data1\" content=\"2 minutos\" \/>\n<script type=\"application\/ld+json\" class=\"yoast-schema-graph\">{\"@context\":\"https:\/\/schema.org\",\"@graph\":[{\"@type\":\"WebPage\",\"@id\":\"https:\/\/racchettiamo.com\/de\/um\/\",\"url\":\"https:\/\/racchettiamo.com\/de\/um\/\",\"name\":\"About &#187; RACCHETTIAMO\",\"isPartOf\":{\"@id\":\"https:\/\/racchettiamo.com\/#website\"},\"datePublished\":\"2021-05-18T07:00:13+00:00\",\"dateModified\":\"2021-06-02T12:40:44+00:00\",\"description\":\"Consigli e recensioni per iniziare a giocare al tuo sport da racchetta preferito, tra cui Tennis, Padel, Ping Pong, Beach Tennis, Squash e molto altro.\",\"inLanguage\":\"es\",\"potentialAction\":[{\"@type\":\"ReadAction\",\"target\":[\"https:\/\/racchettiamo.com\/de\/um\/\"]}]},{\"@type\":\"WebSite\",\"@id\":\"https:\/\/racchettiamo.com\/#website\",\"url\":\"https:\/\/racchettiamo.com\/\",\"name\":\"RACCHETTIAMO\",\"description\":\"Consigli e Recensioni sui Migliori Sport da Racchetta\",\"publisher\":{\"@id\":\"https:\/\/racchettiamo.com\/#organization\"},\"potentialAction\":[{\"@type\":\"SearchAction\",\"target\":{\"@type\":\"EntryPoint\",\"urlTemplate\":\"https:\/\/racchettiamo.com\/?s={search_term_string}\"},\"query-input\":{\"@type\":\"PropertyValueSpecification\",\"valueRequired\":true,\"valueName\":\"search_term_string\"}}],\"inLanguage\":\"es\"},{\"@type\":\"Organization\",\"@id\":\"https:\/\/racchettiamo.com\/#organization\",\"name\":\"Racchettiamo\",\"url\":\"https:\/\/racchettiamo.com\/\",\"logo\":{\"@type\":\"ImageObject\",\"inLanguage\":\"es\",\"@id\":\"https:\/\/racchettiamo.com\/#\/schema\/logo\/image\/\",\"url\":\"https:\/\/racchettiamo.com\/\/wp-content\/uploads\/2021\/05\/logo-racchettiamo.svg\",\"contentUrl\":\"https:\/\/racchettiamo.com\/\/wp-content\/uploads\/2021\/05\/logo-racchettiamo.svg\",\"width\":741,\"height\":101,\"caption\":\"Racchettiamo\"},\"image\":{\"@id\":\"https:\/\/racchettiamo.com\/#\/schema\/logo\/image\/\"}}]}<\/script>\n<!-- \/ Yoast SEO plugin. -->","yoast_head_json":{"title":"About &#187; RACCHETTIAMO","description":"Consigli e recensioni per iniziare a giocare al tuo sport da racchetta preferito, tra cui Tennis, Padel, Ping Pong, Beach Tennis, Squash e molto altro.","robots":{"index":"index","follow":"follow","max-snippet":"max-snippet:-1","max-image-preview":"max-image-preview:large","max-video-preview":"max-video-preview:-1"},"canonical":"https:\/\/racchettiamo.com\/es\/um\/","og_locale":"es_ES","og_type":"article","og_title":"About &#187; RACCHETTIAMO","og_description":"Consigli e recensioni per iniziare a giocare al tuo sport da racchetta preferito, tra cui Tennis, Padel, Ping Pong, Beach Tennis, Squash e molto altro.","og_url":"https:\/\/racchettiamo.com\/es\/um\/","og_site_name":"RACCHETTIAMO","article_modified_time":"2021-06-02T12:40:44+00:00","twitter_card":"summary_large_image","twitter_misc":{"Tiempo de lectura":"2 minutos"},"schema":{"@context":"https:\/\/schema.org","@graph":[{"@type":"WebPage","@id":"https:\/\/racchettiamo.com\/de\/um\/","url":"https:\/\/racchettiamo.com\/de\/um\/","name":"About &#187; RACCHETTIAMO","isPartOf":{"@id":"https:\/\/racchettiamo.com\/#website"},"datePublished":"2021-05-18T07:00:13+00:00","dateModified":"2021-06-02T12:40:44+00:00","description":"Consigli e recensioni per iniziare a giocare al tuo sport da racchetta preferito, tra cui Tennis, Padel, Ping Pong, Beach Tennis, Squash e molto altro.","inLanguage":"es","potentialAction":[{"@type":"ReadAction","target":["https:\/\/racchettiamo.com\/de\/um\/"]}]},{"@type":"WebSite","@id":"https:\/\/racchettiamo.com\/#website","url":"https:\/\/racchettiamo.com\/","name":"RACCHETTIAMO","description":"Consigli e Recensioni sui Migliori Sport da Racchetta","publisher":{"@id":"https:\/\/racchettiamo.com\/#organization"},"potentialAction":[{"@type":"SearchAction","target":{"@type":"EntryPoint","urlTemplate":"https:\/\/racchettiamo.com\/?s={search_term_string}"},"query-input":{"@type":"PropertyValueSpecification","valueRequired":true,"valueName":"search_term_string"}}],"inLanguage":"es"},{"@type":"Organization","@id":"https:\/\/racchettiamo.com\/#organization","name":"Racchettiamo","url":"https:\/\/racchettiamo.com\/","logo":{"@type":"ImageObject","inLanguage":"es","@id":"https:\/\/racchettiamo.com\/#\/schema\/logo\/image\/","url":"https:\/\/racchettiamo.com\/\/wp-content\/uploads\/2021\/05\/logo-racchettiamo.svg","contentUrl":"https:\/\/racchettiamo.com\/\/wp-content\/uploads\/2021\/05\/logo-racchettiamo.svg","width":741,"height":101,"caption":"Racchettiamo"},"image":{"@id":"https:\/\/racchettiamo.com\/#\/schema\/logo\/image\/"}}]}},"amp_enabled":true,"_links":{"self":[{"href":"https:\/\/racchettiamo.com\/es\/wp-json\/wp\/v2\/pages\/13965"}],"collection":[{"href":"https:\/\/racchettiamo.com\/es\/wp-json\/wp\/v2\/pages"}],"about":[{"href":"https:\/\/racchettiamo.com\/es\/wp-json\/wp\/v2\/types\/page"}],"author":[{"embeddable":true,"href":"https:\/\/racchettiamo.com\/es\/wp-json\/wp\/v2\/users\/441"}],"replies":[{"embeddable":true,"href":"https:\/\/racchettiamo.com\/es\/wp-json\/wp\/v2\/comments?post=13965"}],"version-history":[{"count":0,"href":"https:\/\/racchettiamo.com\/es\/wp-json\/wp\/v2\/pages\/13965\/revisions"}],"wp:attachment":[{"href":"https:\/\/racchettiamo.com\/es\/wp-json\/wp\/v2\/media?parent=13965"}],"curies":[{"name":"wp","href":"https:\/\/api.w.org\/{rel}","templated":true}]}}