{"id":13965,"date":"2021-05-18T08:00:13","date_gmt":"2021-05-18T07:00:13","guid":{"rendered":"https:\/\/racchettiamo.com\/\/?page_id=13965"},"modified":"2021-06-02T13:40:44","modified_gmt":"2021-06-02T12:40:44","slug":"about","status":"publish","type":"page","link":"https:\/\/racchettiamo.com\/fr\/sur\/","title":{"rendered":"\u00c0 propos de"},"content":{"rendered":"<p><strong>Bonjour et bienvenue sur le blog Racchettiamo ! C&#039;est un plaisir de vous avoir ici \ud83d\ude42<\/strong><\/p>\n<p>L&#039;objectif principal de ce blog est de fournir \u00e0 tous les passionn\u00e9s de sports de raquettes, que ce soit le Tennis, le Padel, le Ping Pong (et bien d&#039;autres), des conseils pour d\u00e9buter la pratique de ces sports et des avis sur les meilleurs produits tels que les raquettes, les chaussures et les v\u00eatements techniques. , afin de vous aider \u00e0 choisir le meilleur produit selon vos besoins.<\/p>\n<p>Toutes les critiques et guides que vous trouverez sur Racchettiamo sont r\u00e9dig\u00e9s par un groupe de fans de ces sports de raquette, qui s&#039;engagent \u00e0 fournir des informations utiles et aussi pr\u00e9cises que possible afin d&#039;aider nos lecteurs.<\/p>\n<p><strong>Alors, si vous appartenez \u00e0 l&#039;une de ces cat\u00e9gories...<\/strong><\/p>\n<ul>\n<li>vous abordez le monde des jeux de raquette<\/li>\n<li>vous \u00eates d\u00e9j\u00e0 joueur de Tennis, Padel, Ping Pong ou Beach Tennis et vous souhaitez d\u00e9couvrir un autre sport de raquette<\/li>\n<li>vous recherchez la raquette et les v\u00eatements qui vous conviennent<\/li>\n<\/ul>\n<p>Alors vous \u00eates au bon endroit !<\/p>\n<h2><strong>Commencer ici<\/strong><\/h2>\n<p>Si vous voulez plonger dans le monde des sports de raquette, vous pouvez commencer ici :<\/p>\n<ul>\n<li><a href=\"https:\/\/racchettiamo.com\/fr\/consigli-padel\/\" target=\"_blank\" rel=\"noopener noreferrer\">Conseils Padel &gt;&gt;<\/a><\/li>\n<li><a href=\"https:\/\/racchettiamo.com\/fr\/racchette-padel\/\" target=\"_blank\" rel=\"noopener noreferrer\">Les meilleures raquettes de padel &gt;&gt;<\/a><\/li>\n<li><a href=\"https:\/\/racchettiamo.com\/fr\/abbigliamento-tecnico\/\" target=\"_blank\" rel=\"noopener noreferrer\">V\u00eatements Techniques &gt;&gt;<\/a><\/li>\n<li><a href=\"https:\/\/racchettiamo.com\/fr\/accessori\/\" target=\"_blank\" rel=\"noopener noreferrer\">Accessoires &gt;&gt;<\/a><\/li>\n<li><a href=\"https:\/\/racchettiamo.com\/fr\/migliori-marche\/\" target=\"_blank\" rel=\"noopener noreferrer\">Meilleures marques &gt;&gt;<\/a><\/li>\n<\/ul>\n<h2><strong>Qui est Racchettiamo<\/strong><\/h2>\n<p>Bienvenue \u00e0 Ratchettiamo ! Vous trouverez ici des conseils et des critiques pour commencer \u00e0 pratiquer votre sport de raquette pr\u00e9f\u00e9r\u00e9, notamment le tennis, le padel, le ping-pong, le beach tennis, le squash et bien plus encore. Les critiques et guides que vous trouverez sur ce site sont r\u00e9dig\u00e9s par un groupe de passionn\u00e9s qui pratiquent ces sports, afin de fournir des informations utiles \u00e0 tous les autres passionn\u00e9s.<\/p>\n<h2><strong>Questions et probl\u00e8mes<\/strong><\/h2>\n<p>Pour toute question ou pr\u00e9occupation vous pouvez nous contacter directement via le formulaire sur la page <a href=\"https:\/\/racchettiamo.com\/fr\/contacts\/\" target=\"_blank\" rel=\"noopener noreferrer\">Nous contacter<\/a> ou via l&#039;adresse mail : racchettiamo (at) gmail.com<\/p>\n<h2><strong>Collaborations<\/strong><\/h2>\n<p>Vous \u00eates vous aussi fan de Tennis, Padel, Ping Pong ou autres sports de raquettes et vous souhaitez contribuer \u00e0 l&#039;enrichissement de nos ressources d&#039;information ? Donc <a href=\"https:\/\/racchettiamo.com\/fr\/contacts\/\" target=\"_blank\" rel=\"noopener noreferrer\">contactez-nous imm\u00e9diatement!<\/a><\/p>","protected":false},"excerpt":{"rendered":"<p>Bonjour et bienvenue sur le blog Racchettiamo ! C&#039;est un plaisir de vous avoir ici \ud83d\ude42 L&#039;objectif principal de ce blog est de fournir \u00e0 tous les fans\u2026<\/p>","protected":false},"author":441,"featured_media":0,"parent":0,"menu_order":0,"comment_status":"closed","ping_status":"closed","template":"","meta":{"_et_pb_use_builder":"","_et_pb_old_content":"","_et_gb_content_width":"","footnotes":""},"class_list":["post-13965","page","type-page","status-publish","hentry"],"yoast_head":"<!-- This site is optimized with the Yoast SEO plugin v23.4 - https:\/\/yoast.com\/wordpress\/plugins\/seo\/ -->\n<title>About &#187; RACCHETTIAMO<\/title>\n<meta name=\"description\" content=\"Consigli e recensioni per iniziare a giocare al tuo sport da racchetta preferito, tra cui Tennis, Padel, Ping Pong, Beach Tennis, Squash e molto altro.\" \/>\n<meta name=\"robots\" content=\"index, follow, max-snippet:-1, max-image-preview:large, max-video-preview:-1\" \/>\n<link rel=\"canonical\" href=\"https:\/\/racchettiamo.com\/fr\/um\/\" \/>\n<meta property=\"og:locale\" content=\"fr_FR\" \/>\n<meta property=\"og:type\" content=\"article\" \/>\n<meta property=\"og:title\" content=\"About &#187; RACCHETTIAMO\" \/>\n<meta property=\"og:description\" content=\"Consigli e recensioni per iniziare a giocare al tuo sport da racchetta preferito, tra cui Tennis, Padel, Ping Pong, Beach Tennis, Squash e molto altro.\" \/>\n<meta property=\"og:url\" content=\"https:\/\/racchettiamo.com\/fr\/um\/\" \/>\n<meta property=\"og:site_name\" content=\"RACCHETTIAMO\" \/>\n<meta property=\"article:modified_time\" content=\"2021-06-02T12:40:44+00:00\" \/>\n<meta name=\"twitter:card\" content=\"summary_large_image\" \/>\n<meta name=\"twitter:label1\" content=\"Dur\u00e9e de lecture estim\u00e9e\" \/>\n\t<meta name=\"twitter:data1\" content=\"2 minutes\" \/>\n<script type=\"application\/ld+json\" class=\"yoast-schema-graph\">{\"@context\":\"https:\/\/schema.org\",\"@graph\":[{\"@type\":\"WebPage\",\"@id\":\"https:\/\/racchettiamo.com\/de\/um\/\",\"url\":\"https:\/\/racchettiamo.com\/de\/um\/\",\"name\":\"About &#187; RACCHETTIAMO\",\"isPartOf\":{\"@id\":\"https:\/\/racchettiamo.com\/#website\"},\"datePublished\":\"2021-05-18T07:00:13+00:00\",\"dateModified\":\"2021-06-02T12:40:44+00:00\",\"description\":\"Consigli e recensioni per iniziare a giocare al tuo sport da racchetta preferito, tra cui Tennis, Padel, Ping Pong, Beach Tennis, Squash e molto altro.\",\"inLanguage\":\"fr-FR\",\"potentialAction\":[{\"@type\":\"ReadAction\",\"target\":[\"https:\/\/racchettiamo.com\/de\/um\/\"]}]},{\"@type\":\"WebSite\",\"@id\":\"https:\/\/racchettiamo.com\/#website\",\"url\":\"https:\/\/racchettiamo.com\/\",\"name\":\"RACCHETTIAMO\",\"description\":\"Consigli e Recensioni sui Migliori Sport da Racchetta\",\"publisher\":{\"@id\":\"https:\/\/racchettiamo.com\/#organization\"},\"potentialAction\":[{\"@type\":\"SearchAction\",\"target\":{\"@type\":\"EntryPoint\",\"urlTemplate\":\"https:\/\/racchettiamo.com\/?s={search_term_string}\"},\"query-input\":{\"@type\":\"PropertyValueSpecification\",\"valueRequired\":true,\"valueName\":\"search_term_string\"}}],\"inLanguage\":\"fr-FR\"},{\"@type\":\"Organization\",\"@id\":\"https:\/\/racchettiamo.com\/#organization\",\"name\":\"Racchettiamo\",\"url\":\"https:\/\/racchettiamo.com\/\",\"logo\":{\"@type\":\"ImageObject\",\"inLanguage\":\"fr-FR\",\"@id\":\"https:\/\/racchettiamo.com\/#\/schema\/logo\/image\/\",\"url\":\"https:\/\/racchettiamo.com\/\/wp-content\/uploads\/2021\/05\/logo-racchettiamo.svg\",\"contentUrl\":\"https:\/\/racchettiamo.com\/\/wp-content\/uploads\/2021\/05\/logo-racchettiamo.svg\",\"width\":741,\"height\":101,\"caption\":\"Racchettiamo\"},\"image\":{\"@id\":\"https:\/\/racchettiamo.com\/#\/schema\/logo\/image\/\"}}]}<\/script>\n<!-- \/ Yoast SEO plugin. -->","yoast_head_json":{"title":"About &#187; RACCHETTIAMO","description":"Consigli e recensioni per iniziare a giocare al tuo sport da racchetta preferito, tra cui Tennis, Padel, Ping Pong, Beach Tennis, Squash e molto altro.","robots":{"index":"index","follow":"follow","max-snippet":"max-snippet:-1","max-image-preview":"max-image-preview:large","max-video-preview":"max-video-preview:-1"},"canonical":"https:\/\/racchettiamo.com\/fr\/um\/","og_locale":"fr_FR","og_type":"article","og_title":"About &#187; RACCHETTIAMO","og_description":"Consigli e recensioni per iniziare a giocare al tuo sport da racchetta preferito, tra cui Tennis, Padel, Ping Pong, Beach Tennis, Squash e molto altro.","og_url":"https:\/\/racchettiamo.com\/fr\/um\/","og_site_name":"RACCHETTIAMO","article_modified_time":"2021-06-02T12:40:44+00:00","twitter_card":"summary_large_image","twitter_misc":{"Dur\u00e9e de lecture estim\u00e9e":"2 minutes"},"schema":{"@context":"https:\/\/schema.org","@graph":[{"@type":"WebPage","@id":"https:\/\/racchettiamo.com\/de\/um\/","url":"https:\/\/racchettiamo.com\/de\/um\/","name":"About &#187; RACCHETTIAMO","isPartOf":{"@id":"https:\/\/racchettiamo.com\/#website"},"datePublished":"2021-05-18T07:00:13+00:00","dateModified":"2021-06-02T12:40:44+00:00","description":"Consigli e recensioni per iniziare a giocare al tuo sport da racchetta preferito, tra cui Tennis, Padel, Ping Pong, Beach Tennis, Squash e molto altro.","inLanguage":"fr-FR","potentialAction":[{"@type":"ReadAction","target":["https:\/\/racchettiamo.com\/de\/um\/"]}]},{"@type":"WebSite","@id":"https:\/\/racchettiamo.com\/#website","url":"https:\/\/racchettiamo.com\/","name":"RACCHETTIAMO","description":"Consigli e Recensioni sui Migliori Sport da Racchetta","publisher":{"@id":"https:\/\/racchettiamo.com\/#organization"},"potentialAction":[{"@type":"SearchAction","target":{"@type":"EntryPoint","urlTemplate":"https:\/\/racchettiamo.com\/?s={search_term_string}"},"query-input":{"@type":"PropertyValueSpecification","valueRequired":true,"valueName":"search_term_string"}}],"inLanguage":"fr-FR"},{"@type":"Organization","@id":"https:\/\/racchettiamo.com\/#organization","name":"Racchettiamo","url":"https:\/\/racchettiamo.com\/","logo":{"@type":"ImageObject","inLanguage":"fr-FR","@id":"https:\/\/racchettiamo.com\/#\/schema\/logo\/image\/","url":"https:\/\/racchettiamo.com\/\/wp-content\/uploads\/2021\/05\/logo-racchettiamo.svg","contentUrl":"https:\/\/racchettiamo.com\/\/wp-content\/uploads\/2021\/05\/logo-racchettiamo.svg","width":741,"height":101,"caption":"Racchettiamo"},"image":{"@id":"https:\/\/racchettiamo.com\/#\/schema\/logo\/image\/"}}]}},"amp_enabled":true,"_links":{"self":[{"href":"https:\/\/racchettiamo.com\/fr\/wp-json\/wp\/v2\/pages\/13965"}],"collection":[{"href":"https:\/\/racchettiamo.com\/fr\/wp-json\/wp\/v2\/pages"}],"about":[{"href":"https:\/\/racchettiamo.com\/fr\/wp-json\/wp\/v2\/types\/page"}],"author":[{"embeddable":true,"href":"https:\/\/racchettiamo.com\/fr\/wp-json\/wp\/v2\/users\/441"}],"replies":[{"embeddable":true,"href":"https:\/\/racchettiamo.com\/fr\/wp-json\/wp\/v2\/comments?post=13965"}],"version-history":[{"count":0,"href":"https:\/\/racchettiamo.com\/fr\/wp-json\/wp\/v2\/pages\/13965\/revisions"}],"wp:attachment":[{"href":"https:\/\/racchettiamo.com\/fr\/wp-json\/wp\/v2\/media?parent=13965"}],"curies":[{"name":"wp","href":"https:\/\/api.w.org\/{rel}","templated":true}]}}