{"id":13965,"date":"2021-05-18T08:00:13","date_gmt":"2021-05-18T07:00:13","guid":{"rendered":"https:\/\/racchettiamo.com\/\/?page_id=13965"},"modified":"2021-06-02T13:40:44","modified_gmt":"2021-06-02T12:40:44","slug":"about","status":"publish","type":"page","link":"https:\/\/racchettiamo.com\/pt\/cerca-de\/","title":{"rendered":"Sobre"},"content":{"rendered":"<p><strong>Ol\u00e1 e bem vindo ao blog Racchettiamo! \u00c9 um prazer ter voc\u00ea aqui \ud83d\ude42<\/strong><\/p>\n<p>O principal objetivo deste blog \u00e9 fornecer a todos os entusiastas dos esportes de raquete, seja T\u00eanis, Padel, Ping Pong (e muitos outros), conselhos sobre como come\u00e7ar a praticar esses esportes e opini\u00f5es sobre os melhores produtos como raquetes, sapatos e roupas t\u00e9cnicas , para ajud\u00e1-lo a escolher o melhor produto de acordo com suas necessidades.<\/p>\n<p>Todas as resenhas e guias que voc\u00ea encontrar\u00e1 no Racchettiamo s\u00e3o escritos por um grupo de f\u00e3s desses esportes de raquete, que est\u00e3o empenhados em fornecer informa\u00e7\u00f5es \u00fateis e o mais precisas poss\u00edveis para ajudar nossos leitores.<\/p>\n<p><strong>Ent\u00e3o, se voc\u00ea pertence a uma dessas categorias...<\/strong><\/p>\n<ul>\n<li>voc\u00ea est\u00e1 se aproximando do mundo dos jogos de raquete<\/li>\n<li>voc\u00ea j\u00e1 \u00e9 um jogador de T\u00eanis, Padel, Ping Pong ou Beach Tennis e quer conhecer outro esporte de raquete<\/li>\n<li>procura a raquete e roupa certa para si<\/li>\n<\/ul>\n<p>Ent\u00e3o voc\u00ea est\u00e1 no lugar certo!<\/p>\n<h2><strong>Come\u00e7a aqui<\/strong><\/h2>\n<p>Se voc\u00ea quiser mergulhar no mundo dos esportes de raquete, pode come\u00e7ar aqui:<\/p>\n<ul>\n<li><a href=\"https:\/\/racchettiamo.com\/pt\/consigli-padel\/\" target=\"_blank\" rel=\"noopener noreferrer\">Dicas de Padel &gt;&gt;<\/a><\/li>\n<li><a href=\"https:\/\/racchettiamo.com\/pt\/racchette-padel\/\" target=\"_blank\" rel=\"noopener noreferrer\">As melhores raquetes de padel &gt;&gt;<\/a><\/li>\n<li><a href=\"https:\/\/racchettiamo.com\/pt\/abbigliamento-tecnico\/\" target=\"_blank\" rel=\"noopener noreferrer\">Vestu\u00e1rio T\u00e9cnico &gt;&gt;<\/a><\/li>\n<li><a href=\"https:\/\/racchettiamo.com\/pt\/accessori\/\" target=\"_blank\" rel=\"noopener noreferrer\">Acess\u00f3rios &gt;&gt;<\/a><\/li>\n<li><a href=\"https:\/\/racchettiamo.com\/pt\/migliori-marche\/\" target=\"_blank\" rel=\"noopener noreferrer\">Melhores marcas &gt;&gt;<\/a><\/li>\n<\/ul>\n<h2><strong>Quem \u00e9 Rachettiamo<\/strong><\/h2>\n<p>Bem-vindo a Racchettiamo! Aqui voc\u00ea encontra dicas e reviews para come\u00e7ar a praticar seu esporte de raquete favorito, incluindo T\u00eanis, Padel, Ping Pong, Beach Tennis, Squash e muito mais. As resenhas e guias que voc\u00ea encontrar\u00e1 neste site s\u00e3o escritos por um grupo de entusiastas que praticam esses esportes, a fim de fornecer informa\u00e7\u00f5es \u00fateis para todos os outros entusiastas.<\/p>\n<h2><strong>Perguntas e problemas<\/strong><\/h2>\n<p>Para quaisquer d\u00favidas ou preocupa\u00e7\u00f5es, voc\u00ea pode entrar em contato conosco diretamente atrav\u00e9s do formul\u00e1rio na p\u00e1gina <a href=\"https:\/\/racchettiamo.com\/pt\/contatos\/\" target=\"_blank\" rel=\"noopener noreferrer\">Contate-Nos<\/a> ou atrav\u00e9s do endere\u00e7o de e-mail: racchettiamo (at) gmail.com<\/p>\n<h2><strong>Colabora\u00e7\u00f5es<\/strong><\/h2>\n<p>Voc\u00ea tamb\u00e9m \u00e9 f\u00e3 de T\u00eanis, Padel, Ping Pong ou outros esportes de raquete e gostaria de contribuir para o crescimento de nossos recursos de informa\u00e7\u00e3o? Ent\u00e3o <a href=\"https:\/\/racchettiamo.com\/pt\/contatos\/\" target=\"_blank\" rel=\"noopener noreferrer\">contacte-nos imediatamente!<\/a><\/p>","protected":false},"excerpt":{"rendered":"<p>Ol\u00e1 e bem-vindo ao blog Racchettiamo! \u00c9 um prazer ter voc\u00ea aqui \ud83d\ude42 O principal objetivo deste blog \u00e9 proporcionar a todos os f\u00e3s\u2026<\/p>","protected":false},"author":441,"featured_media":0,"parent":0,"menu_order":0,"comment_status":"closed","ping_status":"closed","template":"","meta":{"_et_pb_use_builder":"","_et_pb_old_content":"","_et_gb_content_width":"","footnotes":""},"class_list":["post-13965","page","type-page","status-publish","hentry"],"yoast_head":"<!-- This site is optimized with the Yoast SEO plugin v23.4 - https:\/\/yoast.com\/wordpress\/plugins\/seo\/ -->\n<title>About &#187; RACCHETTIAMO<\/title>\n<meta name=\"description\" content=\"Consigli e recensioni per iniziare a giocare al tuo sport da racchetta preferito, tra cui Tennis, Padel, Ping Pong, Beach Tennis, Squash e molto altro.\" \/>\n<meta name=\"robots\" content=\"index, follow, max-snippet:-1, max-image-preview:large, max-video-preview:-1\" \/>\n<link rel=\"canonical\" href=\"https:\/\/racchettiamo.com\/pt\/um\/\" \/>\n<meta property=\"og:locale\" content=\"pt_PT\" \/>\n<meta property=\"og:type\" content=\"article\" \/>\n<meta property=\"og:title\" content=\"About &#187; RACCHETTIAMO\" \/>\n<meta property=\"og:description\" content=\"Consigli e recensioni per iniziare a giocare al tuo sport da racchetta preferito, tra cui Tennis, Padel, Ping Pong, Beach Tennis, Squash e molto altro.\" \/>\n<meta property=\"og:url\" content=\"https:\/\/racchettiamo.com\/pt\/um\/\" \/>\n<meta property=\"og:site_name\" content=\"RACCHETTIAMO\" \/>\n<meta property=\"article:modified_time\" content=\"2021-06-02T12:40:44+00:00\" \/>\n<meta name=\"twitter:card\" content=\"summary_large_image\" \/>\n<meta name=\"twitter:label1\" content=\"Tempo estimado de leitura\" \/>\n\t<meta name=\"twitter:data1\" content=\"2 minutos\" \/>\n<script type=\"application\/ld+json\" class=\"yoast-schema-graph\">{\"@context\":\"https:\/\/schema.org\",\"@graph\":[{\"@type\":\"WebPage\",\"@id\":\"https:\/\/racchettiamo.com\/de\/um\/\",\"url\":\"https:\/\/racchettiamo.com\/de\/um\/\",\"name\":\"About &#187; RACCHETTIAMO\",\"isPartOf\":{\"@id\":\"https:\/\/racchettiamo.com\/#website\"},\"datePublished\":\"2021-05-18T07:00:13+00:00\",\"dateModified\":\"2021-06-02T12:40:44+00:00\",\"description\":\"Consigli e recensioni per iniziare a giocare al tuo sport da racchetta preferito, tra cui Tennis, Padel, Ping Pong, Beach Tennis, Squash e molto altro.\",\"inLanguage\":\"pt-PT\",\"potentialAction\":[{\"@type\":\"ReadAction\",\"target\":[\"https:\/\/racchettiamo.com\/de\/um\/\"]}]},{\"@type\":\"WebSite\",\"@id\":\"https:\/\/racchettiamo.com\/#website\",\"url\":\"https:\/\/racchettiamo.com\/\",\"name\":\"RACCHETTIAMO\",\"description\":\"Consigli e Recensioni sui Migliori Sport da Racchetta\",\"publisher\":{\"@id\":\"https:\/\/racchettiamo.com\/#organization\"},\"potentialAction\":[{\"@type\":\"SearchAction\",\"target\":{\"@type\":\"EntryPoint\",\"urlTemplate\":\"https:\/\/racchettiamo.com\/?s={search_term_string}\"},\"query-input\":{\"@type\":\"PropertyValueSpecification\",\"valueRequired\":true,\"valueName\":\"search_term_string\"}}],\"inLanguage\":\"pt-PT\"},{\"@type\":\"Organization\",\"@id\":\"https:\/\/racchettiamo.com\/#organization\",\"name\":\"Racchettiamo\",\"url\":\"https:\/\/racchettiamo.com\/\",\"logo\":{\"@type\":\"ImageObject\",\"inLanguage\":\"pt-PT\",\"@id\":\"https:\/\/racchettiamo.com\/#\/schema\/logo\/image\/\",\"url\":\"https:\/\/racchettiamo.com\/\/wp-content\/uploads\/2021\/05\/logo-racchettiamo.svg\",\"contentUrl\":\"https:\/\/racchettiamo.com\/\/wp-content\/uploads\/2021\/05\/logo-racchettiamo.svg\",\"width\":741,\"height\":101,\"caption\":\"Racchettiamo\"},\"image\":{\"@id\":\"https:\/\/racchettiamo.com\/#\/schema\/logo\/image\/\"}}]}<\/script>\n<!-- \/ Yoast SEO plugin. -->","yoast_head_json":{"title":"About &#187; RACCHETTIAMO","description":"Consigli e recensioni per iniziare a giocare al tuo sport da racchetta preferito, tra cui Tennis, Padel, Ping Pong, Beach Tennis, Squash e molto altro.","robots":{"index":"index","follow":"follow","max-snippet":"max-snippet:-1","max-image-preview":"max-image-preview:large","max-video-preview":"max-video-preview:-1"},"canonical":"https:\/\/racchettiamo.com\/pt\/um\/","og_locale":"pt_PT","og_type":"article","og_title":"About &#187; RACCHETTIAMO","og_description":"Consigli e recensioni per iniziare a giocare al tuo sport da racchetta preferito, tra cui Tennis, Padel, Ping Pong, Beach Tennis, Squash e molto altro.","og_url":"https:\/\/racchettiamo.com\/pt\/um\/","og_site_name":"RACCHETTIAMO","article_modified_time":"2021-06-02T12:40:44+00:00","twitter_card":"summary_large_image","twitter_misc":{"Tempo estimado de leitura":"2 minutos"},"schema":{"@context":"https:\/\/schema.org","@graph":[{"@type":"WebPage","@id":"https:\/\/racchettiamo.com\/de\/um\/","url":"https:\/\/racchettiamo.com\/de\/um\/","name":"About &#187; RACCHETTIAMO","isPartOf":{"@id":"https:\/\/racchettiamo.com\/#website"},"datePublished":"2021-05-18T07:00:13+00:00","dateModified":"2021-06-02T12:40:44+00:00","description":"Consigli e recensioni per iniziare a giocare al tuo sport da racchetta preferito, tra cui Tennis, Padel, Ping Pong, Beach Tennis, Squash e molto altro.","inLanguage":"pt-PT","potentialAction":[{"@type":"ReadAction","target":["https:\/\/racchettiamo.com\/de\/um\/"]}]},{"@type":"WebSite","@id":"https:\/\/racchettiamo.com\/#website","url":"https:\/\/racchettiamo.com\/","name":"RACCHETTIAMO","description":"Consigli e Recensioni sui Migliori Sport da Racchetta","publisher":{"@id":"https:\/\/racchettiamo.com\/#organization"},"potentialAction":[{"@type":"SearchAction","target":{"@type":"EntryPoint","urlTemplate":"https:\/\/racchettiamo.com\/?s={search_term_string}"},"query-input":{"@type":"PropertyValueSpecification","valueRequired":true,"valueName":"search_term_string"}}],"inLanguage":"pt-PT"},{"@type":"Organization","@id":"https:\/\/racchettiamo.com\/#organization","name":"Racchettiamo","url":"https:\/\/racchettiamo.com\/","logo":{"@type":"ImageObject","inLanguage":"pt-PT","@id":"https:\/\/racchettiamo.com\/#\/schema\/logo\/image\/","url":"https:\/\/racchettiamo.com\/\/wp-content\/uploads\/2021\/05\/logo-racchettiamo.svg","contentUrl":"https:\/\/racchettiamo.com\/\/wp-content\/uploads\/2021\/05\/logo-racchettiamo.svg","width":741,"height":101,"caption":"Racchettiamo"},"image":{"@id":"https:\/\/racchettiamo.com\/#\/schema\/logo\/image\/"}}]}},"amp_enabled":true,"_links":{"self":[{"href":"https:\/\/racchettiamo.com\/pt\/wp-json\/wp\/v2\/pages\/13965"}],"collection":[{"href":"https:\/\/racchettiamo.com\/pt\/wp-json\/wp\/v2\/pages"}],"about":[{"href":"https:\/\/racchettiamo.com\/pt\/wp-json\/wp\/v2\/types\/page"}],"author":[{"embeddable":true,"href":"https:\/\/racchettiamo.com\/pt\/wp-json\/wp\/v2\/users\/441"}],"replies":[{"embeddable":true,"href":"https:\/\/racchettiamo.com\/pt\/wp-json\/wp\/v2\/comments?post=13965"}],"version-history":[{"count":0,"href":"https:\/\/racchettiamo.com\/pt\/wp-json\/wp\/v2\/pages\/13965\/revisions"}],"wp:attachment":[{"href":"https:\/\/racchettiamo.com\/pt\/wp-json\/wp\/v2\/media?parent=13965"}],"curies":[{"name":"wp","href":"https:\/\/api.w.org\/{rel}","templated":true}]}}